{"id":724,"date":"2023-09-18T22:22:44","date_gmt":"2023-09-18T20:22:44","guid":{"rendered":"https:\/\/tonfisksafari.se\/historia\/"},"modified":"2024-04-12T15:29:36","modified_gmt":"2024-04-12T13:29:36","slug":"historia","status":"publish","type":"page","link":"https:\/\/tonfisksafari.se\/de\/historia\/","title":{"rendered":"Geschichte"},"content":{"rendered":"\t\t<div data-elementor-type=\"wp-page\" data-elementor-id=\"724\" class=\"elementor elementor-724 elementor-163\" data-elementor-post-type=\"page\">\n\t\t\t\t\t\t<section class=\"elementor-section elementor-top-section elementor-element elementor-element-c0837d8 elementor-section-full_width elementor-section-height-min-height elementor-section-items-stretch elementor-section-height-default\" data-id=\"c0837d8\" data-element_type=\"section\" data-e-type=\"section\" data-settings=\"{&quot;background_background&quot;:&quot;video&quot;,&quot;background_video_link&quot;:&quot;https:\\\/\\\/youtu.be\\\/1pPEuA8KEKM?si=tEY5T_qFBsPLEWnJ&quot;,&quot;background_play_on_mobile&quot;:&quot;yes&quot;}\">\n\t\t\t\t\t\t\t\t<div class=\"elementor-background-video-container\">\n\t\t\t\t\t\t\t\t\t\t\t\t\t<div class=\"elementor-background-video-embed\" role=\"presentation\"><\/div>\n\t\t\t\t\t\t\t\t\t\t\t\t<\/div>\n\t\t\t\t\t\t\t\t\t<div class=\"elementor-background-overlay\"><\/div>\n\t\t\t\t\t\t\t<div class=\"elementor-container elementor-column-gap-no\">\n\t\t\t\t\t<div class=\"elementor-column elementor-col-100 elementor-top-column elementor-element elementor-element-d33bd38\" data-id=\"d33bd38\" data-element_type=\"column\" data-e-type=\"column\">\n\t\t\t<div class=\"elementor-widget-wrap elementor-element-populated\">\n\t\t\t\t\t\t<div class=\"elementor-element elementor-element-287a0c7 elementor-widget elementor-widget-heading\" data-id=\"287a0c7\" data-element_type=\"widget\" data-e-type=\"widget\" data-widget_type=\"heading.default\">\n\t\t\t\t<div class=\"elementor-widget-container\">\n\t\t\t\t\t<h2 class=\"elementor-heading-title elementor-size-default\">Die Geschichte des Thunfischs im \u00d6resund<\/h2>\t\t\t\t<\/div>\n\t\t\t\t<\/div>\n\t\t\t\t<div class=\"elementor-element elementor-element-8b92e67 elementor-mobile-align-center elementor-widget elementor-widget-button\" data-id=\"8b92e67\" data-element_type=\"widget\" data-e-type=\"widget\" data-widget_type=\"button.default\">\n\t\t\t\t<div class=\"elementor-widget-container\">\n\t\t\t\t\t\t\t\t\t<div class=\"elementor-button-wrapper\">\n\t\t\t\t\t<a class=\"elementor-button elementor-button-link elementor-size-sm\" href=\"https:\/\/www.nortic.se\/ticket\/event\/49668\" target=\"_blank\" rel=\"nofollow\">\n\t\t\t\t\t\t<span class=\"elementor-button-content-wrapper\">\n\t\t\t\t\t\t\t\t\t<span class=\"elementor-button-text\">Buchen Sie eine Thunfisch-Safari<\/span>\n\t\t\t\t\t<\/span>\n\t\t\t\t\t<\/a>\n\t\t\t\t<\/div>\n\t\t\t\t\t\t\t\t<\/div>\n\t\t\t\t<\/div>\n\t\t\t\t\t<\/div>\n\t\t<\/div>\n\t\t\t\t\t<\/div>\n\t\t<\/section>\n\t\t\t\t<section class=\"elementor-section elementor-top-section elementor-element elementor-element-f896889 elementor-section-boxed elementor-section-height-default elementor-section-height-default\" data-id=\"f896889\" data-element_type=\"section\" data-e-type=\"section\">\n\t\t\t\t\t\t<div class=\"elementor-container elementor-column-gap-default\">\n\t\t\t\t\t<div class=\"elementor-column elementor-col-50 elementor-top-column elementor-element elementor-element-975fdc6\" data-id=\"975fdc6\" data-element_type=\"column\" data-e-type=\"column\">\n\t\t\t<div class=\"elementor-widget-wrap elementor-element-populated\">\n\t\t\t\t\t\t<div class=\"elementor-element elementor-element-257f4c8 elementor-widget elementor-widget-heading\" data-id=\"257f4c8\" data-element_type=\"widget\" data-e-type=\"widget\" data-widget_type=\"heading.default\">\n\t\t\t\t<div class=\"elementor-widget-container\">\n\t\t\t\t\t<h2 class=\"elementor-heading-title elementor-size-default\">Die Geschichte des Thunfischs im \u00d6resund<\/h2>\t\t\t\t<\/div>\n\t\t\t\t<\/div>\n\t\t\t\t<div class=\"elementor-element elementor-element-8641b35 elementor-widget elementor-widget-text-editor\" data-id=\"8641b35\" data-element_type=\"widget\" data-e-type=\"widget\" data-widget_type=\"text-editor.default\">\n\t\t\t\t<div class=\"elementor-widget-container\">\n\t\t\t\t\t\t\t\t\t<p>Der Thunfischfang im \u00d6resund war Ende der 1940er bis Anfang der 1960er Jahre am aktivsten. Ab Mitte der 60er Jahre wurden in der Gegend seltene Thunfische beobachtet. W\u00e4hrend des Zweiten Weltkriegs ging die Fischerei in der Nordsee zur\u00fcck, was den Fischbest\u00e4nden die M\u00f6glichkeit gab, sich zu erholen. Der Thunfisch war vor \u00dcberfischung gesch\u00fctzt und wanderte \u00fcber das Skagerack und das Kattegat zum Sund, gelangte aber aufgrund des geringen Salzgehalts nicht weiter als Ven.<\/p><p>Beim Thunfischfang wurden haupts\u00e4chlich zwei Methoden angewendet: Rutenfischen und Fassfischen. Beim Rutenfischen wurde ein spezieller Stuhl zum Halten der Rute verwendet und eine 400 Meter lange Spezialschnur verwendet. Die Fische wurden mit K\u00f6dern aus Makrele oder Hering angelockt. Beim Fangen folgte das Boot dem Thunfisch, um ein Rei\u00dfen der Leine zu vermeiden. Der Thunfisch konnte zwischen 100 und 400 kg wiegen und wurde mit Hilfe einer Hebevorrichtung an Bord gebracht.<\/p><p>Beim Angeln mit dem Fass wurde die Leine an einem Fass befestigt, das bei einem Biss ins Wasser geworfen wurde. Das Boot folgte dem Fass, bis es ins Boot gebracht wurde, um den Fisch zu bergen. Daf\u00fcr waren starke Arme und Schutzhandschuhe erforderlich.<\/p>\t\t\t\t\t\t\t\t<\/div>\n\t\t\t\t<\/div>\n\t\t\t\t\t<\/div>\n\t\t<\/div>\n\t\t\t\t<div class=\"elementor-column elementor-col-50 elementor-top-column elementor-element elementor-element-4a902bd\" data-id=\"4a902bd\" data-element_type=\"column\" data-e-type=\"column\">\n\t\t\t<div class=\"elementor-widget-wrap elementor-element-populated\">\n\t\t\t\t\t\t<div class=\"elementor-element elementor-element-a1a9274 elementor-widget elementor-widget-video\" data-id=\"a1a9274\" data-element_type=\"widget\" data-e-type=\"widget\" data-settings=\"{&quot;youtube_url&quot;:&quot;https:\\\/\\\/youtu.be\\\/1pPEuA8KEKM?si=tEY5T_qFBsPLEWnJ&quot;,&quot;video_type&quot;:&quot;youtube&quot;,&quot;controls&quot;:&quot;yes&quot;}\" data-widget_type=\"video.default\">\n\t\t\t\t<div class=\"elementor-widget-container\">\n\t\t\t\t\t\t\t<div class=\"elementor-wrapper elementor-open-inline\">\n\t\t\t<div class=\"elementor-video\"><\/div>\t\t<\/div>\n\t\t\t\t\t\t<\/div>\n\t\t\t\t<\/div>\n\t\t\t\t\t<\/div>\n\t\t<\/div>\n\t\t\t\t\t<\/div>\n\t\t<\/section>\n\t\t\t\t<\/div>\n\t\t","protected":false},"excerpt":{"rendered":"<p>Die Geschichte des Thunfischs im \u00d6resund Buchen Sie eine Thunfisch-Safari Die Geschichte des Thunfischs im \u00d6resund Der Thunfischfang im \u00d6resund war Ende der 1940er bis Anfang der 1960er Jahre am aktivsten. Ab Mitte der 60er Jahre wurden in der Gegend seltene Thunfische beobachtet. W\u00e4hrend des Zweiten Weltkriegs ging die Fischerei in der Nordsee zur\u00fcck, was [&hellip;]<\/p>\n","protected":false},"author":1,"featured_media":0,"parent":0,"menu_order":0,"comment_status":"closed","ping_status":"closed","template":"","meta":{"_acf_changed":false,"site-sidebar-layout":"no-sidebar","site-content-layout":"","ast-site-content-layout":"full-width-container","site-content-style":"default","site-sidebar-style":"default","ast-global-header-display":"","ast-banner-title-visibility":"","ast-main-header-display":"","ast-hfb-above-header-display":"","ast-hfb-below-header-display":"","ast-hfb-mobile-header-display":"","site-post-title":"disabled","ast-breadcrumbs-content":"","ast-featured-img":"disabled","footer-sml-layout":"","ast-disable-related-posts":"","theme-transparent-header-meta":"default","adv-header-id-meta":"","stick-header-meta":"","header-above-stick-meta":"","header-main-stick-meta":"","header-below-stick-meta":"","astra-migrate-meta-layouts":"set","ast-page-background-enabled":"default","ast-page-background-meta":{"desktop":{"background-color":"var(--ast-global-color-4)","background-image":"","background-repeat":"repeat","background-position":"center center","background-size":"auto","background-attachment":"scroll","background-type":"","background-media":"","overlay-type":"","overlay-color":"","overlay-opacity":"","overlay-gradient":""},"tablet":{"background-color":"","background-image":"","background-repeat":"repeat","background-position":"center center","background-size":"auto","background-attachment":"scroll","background-type":"","background-media":"","overlay-type":"","overlay-color":"","overlay-opacity":"","overlay-gradient":""},"mobile":{"background-color":"","background-image":"","background-repeat":"repeat","background-position":"center center","background-size":"auto","background-attachment":"scroll","background-type":"","background-media":"","overlay-type":"","overlay-color":"","overlay-opacity":"","overlay-gradient":""}},"ast-content-background-meta":{"desktop":{"background-color":"var(--ast-global-color-5)","background-image":"","background-repeat":"repeat","background-position":"center center","background-size":"auto","background-attachment":"scroll","background-type":"","background-media":"","overlay-type":"","overlay-color":"","overlay-opacity":"","overlay-gradient":""},"tablet":{"background-color":"var(--ast-global-color-5)","background-image":"","background-repeat":"repeat","background-position":"center center","background-size":"auto","background-attachment":"scroll","background-type":"","background-media":"","overlay-type":"","overlay-color":"","overlay-opacity":"","overlay-gradient":""},"mobile":{"background-color":"var(--ast-global-color-5)","background-image":"","background-repeat":"repeat","background-position":"center center","background-size":"auto","background-attachment":"scroll","background-type":"","background-media":"","overlay-type":"","overlay-color":"","overlay-opacity":"","overlay-gradient":""}},"footnotes":""},"class_list":["post-724","page","type-page","status-publish","hentry"],"acf":[],"yoast_head":"<!-- This site is optimized with the Yoast SEO plugin v27.5 - https:\/\/yoast.com\/product\/yoast-seo-wordpress\/ -->\n<title>Geschichte - TONFISKSAFARI<\/title>\n<meta name=\"robots\" content=\"index, follow, max-snippet:-1, max-image-preview:large, max-video-preview:-1\" \/>\n<link rel=\"canonical\" href=\"https:\/\/tonfisksafari.se\/de\/historia\/\" \/>\n<meta property=\"og:locale\" content=\"de_DE\" \/>\n<meta property=\"og:type\" content=\"article\" \/>\n<meta property=\"og:title\" content=\"Geschichte - TONFISKSAFARI\" \/>\n<meta property=\"og:description\" content=\"Die Geschichte des Thunfischs im \u00d6resund Buchen Sie eine Thunfisch-Safari Die Geschichte des Thunfischs im \u00d6resund Der Thunfischfang im \u00d6resund war Ende der 1940er bis Anfang der 1960er Jahre am aktivsten. Ab Mitte der 60er Jahre wurden in der Gegend seltene Thunfische beobachtet. W\u00e4hrend des Zweiten Weltkriegs ging die Fischerei in der Nordsee zur\u00fcck, was [&hellip;]\" \/>\n<meta property=\"og:url\" content=\"https:\/\/tonfisksafari.se\/de\/historia\/\" \/>\n<meta property=\"og:site_name\" content=\"TONFISKSAFARI\" \/>\n<meta property=\"article:modified_time\" content=\"2024-04-12T13:29:36+00:00\" \/>\n<meta name=\"twitter:card\" content=\"summary_large_image\" \/>\n<meta name=\"twitter:label1\" content=\"Gesch\u00e4tzte Lesezeit\" \/>\n\t<meta name=\"twitter:data1\" content=\"2\u00a0Minuten\" \/>\n<script type=\"application\/ld+json\" class=\"yoast-schema-graph\">{\"@context\":\"https:\\\/\\\/schema.org\",\"@graph\":[{\"@type\":\"WebPage\",\"@id\":\"https:\\\/\\\/tonfisksafari.se\\\/de\\\/historia\\\/\",\"url\":\"https:\\\/\\\/tonfisksafari.se\\\/de\\\/historia\\\/\",\"name\":\"Geschichte - TONFISKSAFARI\",\"isPartOf\":{\"@id\":\"https:\\\/\\\/tonfisksafari.se\\\/#website\"},\"datePublished\":\"2023-09-18T20:22:44+00:00\",\"dateModified\":\"2024-04-12T13:29:36+00:00\",\"breadcrumb\":{\"@id\":\"https:\\\/\\\/tonfisksafari.se\\\/de\\\/historia\\\/#breadcrumb\"},\"inLanguage\":\"de\",\"potentialAction\":[{\"@type\":\"ReadAction\",\"target\":[\"https:\\\/\\\/tonfisksafari.se\\\/de\\\/historia\\\/\"]}]},{\"@type\":\"BreadcrumbList\",\"@id\":\"https:\\\/\\\/tonfisksafari.se\\\/de\\\/historia\\\/#breadcrumb\",\"itemListElement\":[{\"@type\":\"ListItem\",\"position\":1,\"name\":\"Home\",\"item\":\"https:\\\/\\\/tonfisksafari.se\\\/\"},{\"@type\":\"ListItem\",\"position\":2,\"name\":\"Geschichte\"}]},{\"@type\":\"WebSite\",\"@id\":\"https:\\\/\\\/tonfisksafari.se\\\/#website\",\"url\":\"https:\\\/\\\/tonfisksafari.se\\\/\",\"name\":\"TONFISKSAFARI\",\"description\":\"\",\"potentialAction\":[{\"@type\":\"SearchAction\",\"target\":{\"@type\":\"EntryPoint\",\"urlTemplate\":\"https:\\\/\\\/tonfisksafari.se\\\/?s={search_term_string}\"},\"query-input\":{\"@type\":\"PropertyValueSpecification\",\"valueRequired\":true,\"valueName\":\"search_term_string\"}}],\"inLanguage\":\"de\"}]}<\/script>\n<!-- \/ Yoast SEO plugin. -->","yoast_head_json":{"title":"Geschichte - TONFISKSAFARI","robots":{"index":"index","follow":"follow","max-snippet":"max-snippet:-1","max-image-preview":"max-image-preview:large","max-video-preview":"max-video-preview:-1"},"canonical":"https:\/\/tonfisksafari.se\/de\/historia\/","og_locale":"de_DE","og_type":"article","og_title":"Geschichte - TONFISKSAFARI","og_description":"Die Geschichte des Thunfischs im \u00d6resund Buchen Sie eine Thunfisch-Safari Die Geschichte des Thunfischs im \u00d6resund Der Thunfischfang im \u00d6resund war Ende der 1940er bis Anfang der 1960er Jahre am aktivsten. Ab Mitte der 60er Jahre wurden in der Gegend seltene Thunfische beobachtet. W\u00e4hrend des Zweiten Weltkriegs ging die Fischerei in der Nordsee zur\u00fcck, was [&hellip;]","og_url":"https:\/\/tonfisksafari.se\/de\/historia\/","og_site_name":"TONFISKSAFARI","article_modified_time":"2024-04-12T13:29:36+00:00","twitter_card":"summary_large_image","twitter_misc":{"Gesch\u00e4tzte Lesezeit":"2\u00a0Minuten"},"schema":{"@context":"https:\/\/schema.org","@graph":[{"@type":"WebPage","@id":"https:\/\/tonfisksafari.se\/de\/historia\/","url":"https:\/\/tonfisksafari.se\/de\/historia\/","name":"Geschichte - TONFISKSAFARI","isPartOf":{"@id":"https:\/\/tonfisksafari.se\/#website"},"datePublished":"2023-09-18T20:22:44+00:00","dateModified":"2024-04-12T13:29:36+00:00","breadcrumb":{"@id":"https:\/\/tonfisksafari.se\/de\/historia\/#breadcrumb"},"inLanguage":"de","potentialAction":[{"@type":"ReadAction","target":["https:\/\/tonfisksafari.se\/de\/historia\/"]}]},{"@type":"BreadcrumbList","@id":"https:\/\/tonfisksafari.se\/de\/historia\/#breadcrumb","itemListElement":[{"@type":"ListItem","position":1,"name":"Home","item":"https:\/\/tonfisksafari.se\/"},{"@type":"ListItem","position":2,"name":"Geschichte"}]},{"@type":"WebSite","@id":"https:\/\/tonfisksafari.se\/#website","url":"https:\/\/tonfisksafari.se\/","name":"TONFISKSAFARI","description":"","potentialAction":[{"@type":"SearchAction","target":{"@type":"EntryPoint","urlTemplate":"https:\/\/tonfisksafari.se\/?s={search_term_string}"},"query-input":{"@type":"PropertyValueSpecification","valueRequired":true,"valueName":"search_term_string"}}],"inLanguage":"de"}]}},"_links":{"self":[{"href":"https:\/\/tonfisksafari.se\/de\/wp-json\/wp\/v2\/pages\/724","targetHints":{"allow":["GET"]}}],"collection":[{"href":"https:\/\/tonfisksafari.se\/de\/wp-json\/wp\/v2\/pages"}],"about":[{"href":"https:\/\/tonfisksafari.se\/de\/wp-json\/wp\/v2\/types\/page"}],"author":[{"embeddable":true,"href":"https:\/\/tonfisksafari.se\/de\/wp-json\/wp\/v2\/users\/1"}],"replies":[{"embeddable":true,"href":"https:\/\/tonfisksafari.se\/de\/wp-json\/wp\/v2\/comments?post=724"}],"version-history":[{"count":6,"href":"https:\/\/tonfisksafari.se\/de\/wp-json\/wp\/v2\/pages\/724\/revisions"}],"predecessor-version":[{"id":793,"href":"https:\/\/tonfisksafari.se\/de\/wp-json\/wp\/v2\/pages\/724\/revisions\/793"}],"wp:attachment":[{"href":"https:\/\/tonfisksafari.se\/de\/wp-json\/wp\/v2\/media?parent=724"}],"curies":[{"name":"wp","href":"https:\/\/api.w.org\/{rel}","templated":true}]}}