{"id":730,"date":"2023-09-18T22:35:47","date_gmt":"2023-09-18T20:35:47","guid":{"rendered":"https:\/\/tonfisksafari.se\/om-m-s-vike\/"},"modified":"2024-04-12T15:15:12","modified_gmt":"2024-04-12T13:15:12","slug":"om-m-s-vike","status":"publish","type":"page","link":"https:\/\/tonfisksafari.se\/de\/om-m-s-vike\/","title":{"rendered":"\u00dcber M\/S Vike"},"content":{"rendered":"\t\t<div data-elementor-type=\"wp-page\" data-elementor-id=\"730\" class=\"elementor elementor-730 elementor-165\" data-elementor-post-type=\"page\">\n\t\t\t\t\t\t<section class=\"elementor-section elementor-top-section elementor-element elementor-element-db7a11c elementor-section-full_width elementor-section-height-min-height elementor-section-items-stretch elementor-section-height-default\" data-id=\"db7a11c\" data-element_type=\"section\" data-e-type=\"section\" data-settings=\"{&quot;background_background&quot;:&quot;classic&quot;}\">\n\t\t\t\t\t\t\t<div class=\"elementor-background-overlay\"><\/div>\n\t\t\t\t\t\t\t<div class=\"elementor-container elementor-column-gap-no\">\n\t\t\t\t\t<div class=\"elementor-column elementor-col-100 elementor-top-column elementor-element elementor-element-c3b357d\" data-id=\"c3b357d\" data-element_type=\"column\" data-e-type=\"column\">\n\t\t\t<div class=\"elementor-widget-wrap elementor-element-populated\">\n\t\t\t\t\t\t<div class=\"elementor-element elementor-element-ad1f7d6 elementor-widget elementor-widget-heading\" data-id=\"ad1f7d6\" data-element_type=\"widget\" data-e-type=\"widget\" data-widget_type=\"heading.default\">\n\t\t\t\t<div class=\"elementor-widget-container\">\n\t\t\t\t\t<h2 class=\"elementor-heading-title elementor-size-default\">M\/S VIKE<\/h2>\t\t\t\t<\/div>\n\t\t\t\t<\/div>\n\t\t\t\t<div class=\"elementor-element elementor-element-21518d1 elementor-mobile-align-center elementor-widget elementor-widget-button\" data-id=\"21518d1\" data-element_type=\"widget\" data-e-type=\"widget\" data-widget_type=\"button.default\">\n\t\t\t\t<div class=\"elementor-widget-container\">\n\t\t\t\t\t\t\t\t\t<div class=\"elementor-button-wrapper\">\n\t\t\t\t\t<a class=\"elementor-button elementor-button-link elementor-size-sm\" href=\"https:\/\/www.nortic.se\/ticket\/event\/49668\" target=\"_blank\" rel=\"nofollow\">\n\t\t\t\t\t\t<span class=\"elementor-button-content-wrapper\">\n\t\t\t\t\t\t\t\t\t<span class=\"elementor-button-text\">Buchen Sie eine Thunfisch-Safari<\/span>\n\t\t\t\t\t<\/span>\n\t\t\t\t\t<\/a>\n\t\t\t\t<\/div>\n\t\t\t\t\t\t\t\t<\/div>\n\t\t\t\t<\/div>\n\t\t\t\t\t<\/div>\n\t\t<\/div>\n\t\t\t\t\t<\/div>\n\t\t<\/section>\n\t\t\t\t<section class=\"elementor-section elementor-top-section elementor-element elementor-element-09794b6 elementor-section-boxed elementor-section-height-default elementor-section-height-default\" data-id=\"09794b6\" data-element_type=\"section\" data-e-type=\"section\">\n\t\t\t\t\t\t<div class=\"elementor-container elementor-column-gap-wider\">\n\t\t\t\t\t<div class=\"elementor-column elementor-col-50 elementor-top-column elementor-element elementor-element-dc812e0\" data-id=\"dc812e0\" data-element_type=\"column\" data-e-type=\"column\">\n\t\t\t<div class=\"elementor-widget-wrap elementor-element-populated\">\n\t\t\t\t\t\t<div class=\"elementor-element elementor-element-710ebc1 elementor-widget elementor-widget-heading\" data-id=\"710ebc1\" data-element_type=\"widget\" data-e-type=\"widget\" data-widget_type=\"heading.default\">\n\t\t\t\t<div class=\"elementor-widget-container\">\n\t\t\t\t\t<h2 class=\"elementor-heading-title elementor-size-default\">Unser Schiff M\/S Vike<\/h2>\t\t\t\t<\/div>\n\t\t\t\t<\/div>\n\t\t\t\t<div class=\"elementor-element elementor-element-f87554d elementor-widget elementor-widget-text-editor\" data-id=\"f87554d\" data-element_type=\"widget\" data-e-type=\"widget\" data-widget_type=\"text-editor.default\">\n\t\t\t\t<div class=\"elementor-widget-container\">\n\t\t\t\t\t\t\t\t\t<p>M\/S Vike ist ein schnell segelnder Trimaran. Das Schiff hat sch\u00f6ne Seeeigenschaften und gro\u00dfe, sch\u00f6ne Bereiche an Deck. Insgesamt verf\u00fcgt das Schiff \u00fcber 100 Sitzpl\u00e4tze, davon 30 im Innenbereich. Und w\u00e4hrend Sie den Wind in Ihren Haaren, die Sonne auf Ihrem Gesicht und die Salzgischt des Meeres genie\u00dfen, k\u00f6nnen Sie auch die Gelegenheit nutzen, nach Schweinswalen (kleinen Delfinen) und Robben Ausschau zu halten.<\/p><p>Auf dem Schiff, das teilweise behindertengerecht ausgestattet ist, k\u00f6nnen Sie ein Fahrrad, einen Kinderwagen oder einen Golfwagen mitnehmen, auch einen Rollstuhl k\u00f6nnen Sie problemlos mit nach drau\u00dfen nehmen. Unser Personal ist stets hilfsbereit, um allen Reisenden die \u00dcberfahrt zu erleichtern und angenehm zu gestalten<\/p><p>Wenn Sie Hunger versp\u00fcren, gibt es an Bord der M\/S Vike einen Kiosk, der Kaffee, Eis, Kekse, Erfrischungsgetr\u00e4nke, S\u00fc\u00dfigkeiten und W\u00fcrstchen mit Brot verkauft. Wenn Sie Ihren Besuch in Ven noch nicht geplant haben, finden Sie an Bord des Schiffes auch touristische Informationen.<\/p><p>Willkommen an Bord der M\/S Vike<\/p><p>Helsingborg nach Ven?<\/p><p>M\/S Vike verkehrt im Sommer auch zwischen Helsingborg und Ven. Hier k\u00f6nnen Sie mehr \u00fcber diese Reise lesen<\/p>\t\t\t\t\t\t\t\t<\/div>\n\t\t\t\t<\/div>\n\t\t\t\t\t<\/div>\n\t\t<\/div>\n\t\t\t\t<div class=\"elementor-column elementor-col-50 elementor-top-column elementor-element elementor-element-8cc7284\" data-id=\"8cc7284\" data-element_type=\"column\" data-e-type=\"column\">\n\t\t\t<div class=\"elementor-widget-wrap elementor-element-populated\">\n\t\t\t\t\t\t<div class=\"elementor-element elementor-element-14f41f6 elementor-widget elementor-widget-gallery\" data-id=\"14f41f6\" data-element_type=\"widget\" data-e-type=\"widget\" data-settings=\"{&quot;columns&quot;:2,&quot;lazyload&quot;:&quot;yes&quot;,&quot;gallery_layout&quot;:&quot;grid&quot;,&quot;columns_tablet&quot;:2,&quot;columns_mobile&quot;:1,&quot;gap&quot;:{&quot;unit&quot;:&quot;px&quot;,&quot;size&quot;:10,&quot;sizes&quot;:[]},&quot;gap_widescreen&quot;:{&quot;unit&quot;:&quot;px&quot;,&quot;size&quot;:&quot;&quot;,&quot;sizes&quot;:[]},&quot;gap_tablet&quot;:{&quot;unit&quot;:&quot;px&quot;,&quot;size&quot;:10,&quot;sizes&quot;:[]},&quot;gap_mobile&quot;:{&quot;unit&quot;:&quot;px&quot;,&quot;size&quot;:10,&quot;sizes&quot;:[]},&quot;link_to&quot;:&quot;file&quot;,&quot;aspect_ratio&quot;:&quot;3:2&quot;,&quot;overlay_background&quot;:&quot;yes&quot;,&quot;content_hover_animation&quot;:&quot;fade-in&quot;}\" data-widget_type=\"gallery.default\">\n\t\t\t\t<div class=\"elementor-widget-container\">\n\t\t\t\t\t\t\t<div class=\"elementor-gallery__container\">\n\t\t\t\t\t\t\t<a class=\"e-gallery-item elementor-gallery-item elementor-animated-content\" href=\"https:\/\/tonfisksafari.se\/wp-content\/uploads\/2023\/09\/20180520_113028.jpg\" data-elementor-open-lightbox=\"yes\" data-elementor-lightbox-slideshow=\"14f41f6\" data-elementor-lightbox-title=\"20180520_113028\" data-e-action-hash=\"#elementor-action%3Aaction%3Dlightbox%26settings%3DeyJpZCI6MjAxLCJ1cmwiOiJodHRwczpcL1wvdG9uZmlza3NhZmFyaS5zZVwvd3AtY29udGVudFwvdXBsb2Fkc1wvMjAyM1wvMDlcLzIwMTgwNTIwXzExMzAyOC5qcGciLCJzbGlkZXNob3ciOiIxNGY0MWY2In0%3D\">\n\t\t\t\t\t<div class=\"e-gallery-image elementor-gallery-item__image\" data-thumbnail=\"https:\/\/tonfisksafari.se\/wp-content\/uploads\/2023\/09\/20180520_113028-300x225.jpg\" data-width=\"300\" data-height=\"225\" aria-label=\"\" role=\"img\" ><\/div>\n\t\t\t\t\t\t\t\t\t\t\t<div class=\"elementor-gallery-item__overlay\"><\/div>\n\t\t\t\t\t\t\t\t\t\t\t\t\t\t<\/a>\n\t\t\t\t\t\t\t<a class=\"e-gallery-item elementor-gallery-item elementor-animated-content\" href=\"https:\/\/tonfisksafari.se\/wp-content\/uploads\/2023\/09\/20180520_114652.jpg\" data-elementor-open-lightbox=\"yes\" data-elementor-lightbox-slideshow=\"14f41f6\" data-elementor-lightbox-title=\"20180520_114652\" data-e-action-hash=\"#elementor-action%3Aaction%3Dlightbox%26settings%3DeyJpZCI6MjAyLCJ1cmwiOiJodHRwczpcL1wvdG9uZmlza3NhZmFyaS5zZVwvd3AtY29udGVudFwvdXBsb2Fkc1wvMjAyM1wvMDlcLzIwMTgwNTIwXzExNDY1Mi5qcGciLCJzbGlkZXNob3ciOiIxNGY0MWY2In0%3D\">\n\t\t\t\t\t<div class=\"e-gallery-image elementor-gallery-item__image\" data-thumbnail=\"https:\/\/tonfisksafari.se\/wp-content\/uploads\/2023\/09\/20180520_114652-300x218.jpg\" data-width=\"300\" data-height=\"218\" aria-label=\"\" role=\"img\" ><\/div>\n\t\t\t\t\t\t\t\t\t\t\t<div class=\"elementor-gallery-item__overlay\"><\/div>\n\t\t\t\t\t\t\t\t\t\t\t\t\t\t<\/a>\n\t\t\t\t\t\t\t<a class=\"e-gallery-item elementor-gallery-item elementor-animated-content\" href=\"https:\/\/tonfisksafari.se\/wp-content\/uploads\/2023\/09\/20180520_120959.jpg\" data-elementor-open-lightbox=\"yes\" data-elementor-lightbox-slideshow=\"14f41f6\" data-elementor-lightbox-title=\"20180520_120959\" data-e-action-hash=\"#elementor-action%3Aaction%3Dlightbox%26settings%3DeyJpZCI6MjAzLCJ1cmwiOiJodHRwczpcL1wvdG9uZmlza3NhZmFyaS5zZVwvd3AtY29udGVudFwvdXBsb2Fkc1wvMjAyM1wvMDlcLzIwMTgwNTIwXzEyMDk1OS5qcGciLCJzbGlkZXNob3ciOiIxNGY0MWY2In0%3D\">\n\t\t\t\t\t<div class=\"e-gallery-image elementor-gallery-item__image\" data-thumbnail=\"https:\/\/tonfisksafari.se\/wp-content\/uploads\/2023\/09\/20180520_120959-300x225.jpg\" data-width=\"300\" data-height=\"225\" aria-label=\"\" role=\"img\" ><\/div>\n\t\t\t\t\t\t\t\t\t\t\t<div class=\"elementor-gallery-item__overlay\"><\/div>\n\t\t\t\t\t\t\t\t\t\t\t\t\t\t<\/a>\n\t\t\t\t\t\t\t<a class=\"e-gallery-item elementor-gallery-item elementor-animated-content\" href=\"https:\/\/tonfisksafari.se\/wp-content\/uploads\/2023\/09\/20180520_123535.jpg\" data-elementor-open-lightbox=\"yes\" data-elementor-lightbox-slideshow=\"14f41f6\" data-elementor-lightbox-title=\"20180520_123535\" data-e-action-hash=\"#elementor-action%3Aaction%3Dlightbox%26settings%3DeyJpZCI6MjA0LCJ1cmwiOiJodHRwczpcL1wvdG9uZmlza3NhZmFyaS5zZVwvd3AtY29udGVudFwvdXBsb2Fkc1wvMjAyM1wvMDlcLzIwMTgwNTIwXzEyMzUzNS5qcGciLCJzbGlkZXNob3ciOiIxNGY0MWY2In0%3D\">\n\t\t\t\t\t<div class=\"e-gallery-image elementor-gallery-item__image\" data-thumbnail=\"https:\/\/tonfisksafari.se\/wp-content\/uploads\/2023\/09\/20180520_123535-300x225.jpg\" data-width=\"300\" data-height=\"225\" aria-label=\"\" role=\"img\" ><\/div>\n\t\t\t\t\t\t\t\t\t\t\t<div class=\"elementor-gallery-item__overlay\"><\/div>\n\t\t\t\t\t\t\t\t\t\t\t\t\t\t<\/a>\n\t\t\t\t\t\t\t<a class=\"e-gallery-item elementor-gallery-item elementor-animated-content\" href=\"https:\/\/tonfisksafari.se\/wp-content\/uploads\/2023\/09\/20180520_1137110.jpg\" data-elementor-open-lightbox=\"yes\" data-elementor-lightbox-slideshow=\"14f41f6\" data-elementor-lightbox-title=\"20180520_1137110\" data-e-action-hash=\"#elementor-action%3Aaction%3Dlightbox%26settings%3DeyJpZCI6MjA1LCJ1cmwiOiJodHRwczpcL1wvdG9uZmlza3NhZmFyaS5zZVwvd3AtY29udGVudFwvdXBsb2Fkc1wvMjAyM1wvMDlcLzIwMTgwNTIwXzExMzcxMTAuanBnIiwic2xpZGVzaG93IjoiMTRmNDFmNiJ9\">\n\t\t\t\t\t<div class=\"e-gallery-image elementor-gallery-item__image\" data-thumbnail=\"https:\/\/tonfisksafari.se\/wp-content\/uploads\/2023\/09\/20180520_1137110-300x214.jpg\" data-width=\"300\" data-height=\"214\" aria-label=\"\" role=\"img\" ><\/div>\n\t\t\t\t\t\t\t\t\t\t\t<div class=\"elementor-gallery-item__overlay\"><\/div>\n\t\t\t\t\t\t\t\t\t\t\t\t\t\t<\/a>\n\t\t\t\t\t<\/div>\n\t\t\t\t\t<\/div>\n\t\t\t\t<\/div>\n\t\t\t\t\t<\/div>\n\t\t<\/div>\n\t\t\t\t\t<\/div>\n\t\t<\/section>\n\t\t\t\t<\/div>\n\t\t","protected":false},"excerpt":{"rendered":"<p>M\/S VIKE Buchen Sie eine Thunfisch-Safari Unser Schiff M\/S Vike M\/S Vike ist ein schnell segelnder Trimaran. Das Schiff hat sch\u00f6ne Seeeigenschaften und gro\u00dfe, sch\u00f6ne Bereiche an Deck. Insgesamt verf\u00fcgt das Schiff \u00fcber 100 Sitzpl\u00e4tze, davon 30 im Innenbereich. Und w\u00e4hrend Sie den Wind in Ihren Haaren, die Sonne auf Ihrem Gesicht und die Salzgischt [&hellip;]<\/p>\n","protected":false},"author":1,"featured_media":0,"parent":0,"menu_order":0,"comment_status":"closed","ping_status":"closed","template":"","meta":{"_acf_changed":false,"site-sidebar-layout":"no-sidebar","site-content-layout":"","ast-site-content-layout":"full-width-container","site-content-style":"default","site-sidebar-style":"default","ast-global-header-display":"","ast-banner-title-visibility":"","ast-main-header-display":"","ast-hfb-above-header-display":"","ast-hfb-below-header-display":"","ast-hfb-mobile-header-display":"","site-post-title":"disabled","ast-breadcrumbs-content":"","ast-featured-img":"disabled","footer-sml-layout":"","ast-disable-related-posts":"","theme-transparent-header-meta":"default","adv-header-id-meta":"","stick-header-meta":"","header-above-stick-meta":"","header-main-stick-meta":"","header-below-stick-meta":"","astra-migrate-meta-layouts":"set","ast-page-background-enabled":"default","ast-page-background-meta":{"desktop":{"background-color":"var(--ast-global-color-4)","background-image":"","background-repeat":"repeat","background-position":"center center","background-size":"auto","background-attachment":"scroll","background-type":"","background-media":"","overlay-type":"","overlay-color":"","overlay-opacity":"","overlay-gradient":""},"tablet":{"background-color":"","background-image":"","background-repeat":"repeat","background-position":"center center","background-size":"auto","background-attachment":"scroll","background-type":"","background-media":"","overlay-type":"","overlay-color":"","overlay-opacity":"","overlay-gradient":""},"mobile":{"background-color":"","background-image":"","background-repeat":"repeat","background-position":"center center","background-size":"auto","background-attachment":"scroll","background-type":"","background-media":"","overlay-type":"","overlay-color":"","overlay-opacity":"","overlay-gradient":""}},"ast-content-background-meta":{"desktop":{"background-color":"var(--ast-global-color-5)","background-image":"","background-repeat":"repeat","background-position":"center center","background-size":"auto","background-attachment":"scroll","background-type":"","background-media":"","overlay-type":"","overlay-color":"","overlay-opacity":"","overlay-gradient":""},"tablet":{"background-color":"var(--ast-global-color-5)","background-image":"","background-repeat":"repeat","background-position":"center center","background-size":"auto","background-attachment":"scroll","background-type":"","background-media":"","overlay-type":"","overlay-color":"","overlay-opacity":"","overlay-gradient":""},"mobile":{"background-color":"var(--ast-global-color-5)","background-image":"","background-repeat":"repeat","background-position":"center center","background-size":"auto","background-attachment":"scroll","background-type":"","background-media":"","overlay-type":"","overlay-color":"","overlay-opacity":"","overlay-gradient":""}},"footnotes":""},"class_list":["post-730","page","type-page","status-publish","hentry"],"acf":[],"yoast_head":"<!-- This site is optimized with the Yoast SEO plugin v27.4 - https:\/\/yoast.com\/product\/yoast-seo-wordpress\/ -->\n<title>\u00dcber M\/S Vike - TONFISKSAFARI<\/title>\n<meta name=\"robots\" content=\"index, follow, max-snippet:-1, max-image-preview:large, max-video-preview:-1\" \/>\n<link rel=\"canonical\" href=\"https:\/\/tonfisksafari.se\/de\/om-m-s-vike\/\" \/>\n<meta property=\"og:locale\" content=\"de_DE\" \/>\n<meta property=\"og:type\" content=\"article\" \/>\n<meta property=\"og:title\" content=\"\u00dcber M\/S Vike - TONFISKSAFARI\" \/>\n<meta property=\"og:description\" content=\"M\/S VIKE Buchen Sie eine Thunfisch-Safari Unser Schiff M\/S Vike M\/S Vike ist ein schnell segelnder Trimaran. Das Schiff hat sch\u00f6ne Seeeigenschaften und gro\u00dfe, sch\u00f6ne Bereiche an Deck. Insgesamt verf\u00fcgt das Schiff \u00fcber 100 Sitzpl\u00e4tze, davon 30 im Innenbereich. Und w\u00e4hrend Sie den Wind in Ihren Haaren, die Sonne auf Ihrem Gesicht und die Salzgischt [&hellip;]\" \/>\n<meta property=\"og:url\" content=\"https:\/\/tonfisksafari.se\/de\/om-m-s-vike\/\" \/>\n<meta property=\"og:site_name\" content=\"TONFISKSAFARI\" \/>\n<meta property=\"article:modified_time\" content=\"2024-04-12T13:15:12+00:00\" \/>\n<meta name=\"twitter:card\" content=\"summary_large_image\" \/>\n<meta name=\"twitter:label1\" content=\"Gesch\u00e4tzte Lesezeit\" \/>\n\t<meta name=\"twitter:data1\" content=\"2\u00a0Minuten\" \/>\n<script type=\"application\/ld+json\" class=\"yoast-schema-graph\">{\"@context\":\"https:\\\/\\\/schema.org\",\"@graph\":[{\"@type\":\"WebPage\",\"@id\":\"https:\\\/\\\/tonfisksafari.se\\\/de\\\/om-m-s-vike\\\/\",\"url\":\"https:\\\/\\\/tonfisksafari.se\\\/de\\\/om-m-s-vike\\\/\",\"name\":\"\u00dcber M\\\/S Vike - TONFISKSAFARI\",\"isPartOf\":{\"@id\":\"https:\\\/\\\/tonfisksafari.se\\\/#website\"},\"datePublished\":\"2023-09-18T20:35:47+00:00\",\"dateModified\":\"2024-04-12T13:15:12+00:00\",\"breadcrumb\":{\"@id\":\"https:\\\/\\\/tonfisksafari.se\\\/de\\\/om-m-s-vike\\\/#breadcrumb\"},\"inLanguage\":\"de\",\"potentialAction\":[{\"@type\":\"ReadAction\",\"target\":[\"https:\\\/\\\/tonfisksafari.se\\\/de\\\/om-m-s-vike\\\/\"]}]},{\"@type\":\"BreadcrumbList\",\"@id\":\"https:\\\/\\\/tonfisksafari.se\\\/de\\\/om-m-s-vike\\\/#breadcrumb\",\"itemListElement\":[{\"@type\":\"ListItem\",\"position\":1,\"name\":\"Home\",\"item\":\"https:\\\/\\\/tonfisksafari.se\\\/\"},{\"@type\":\"ListItem\",\"position\":2,\"name\":\"\u00dcber M\\\/S Vike\"}]},{\"@type\":\"WebSite\",\"@id\":\"https:\\\/\\\/tonfisksafari.se\\\/#website\",\"url\":\"https:\\\/\\\/tonfisksafari.se\\\/\",\"name\":\"TONFISKSAFARI\",\"description\":\"\",\"potentialAction\":[{\"@type\":\"SearchAction\",\"target\":{\"@type\":\"EntryPoint\",\"urlTemplate\":\"https:\\\/\\\/tonfisksafari.se\\\/?s={search_term_string}\"},\"query-input\":{\"@type\":\"PropertyValueSpecification\",\"valueRequired\":true,\"valueName\":\"search_term_string\"}}],\"inLanguage\":\"de\"}]}<\/script>\n<!-- \/ Yoast SEO plugin. -->","yoast_head_json":{"title":"\u00dcber M\/S Vike - TONFISKSAFARI","robots":{"index":"index","follow":"follow","max-snippet":"max-snippet:-1","max-image-preview":"max-image-preview:large","max-video-preview":"max-video-preview:-1"},"canonical":"https:\/\/tonfisksafari.se\/de\/om-m-s-vike\/","og_locale":"de_DE","og_type":"article","og_title":"\u00dcber M\/S Vike - TONFISKSAFARI","og_description":"M\/S VIKE Buchen Sie eine Thunfisch-Safari Unser Schiff M\/S Vike M\/S Vike ist ein schnell segelnder Trimaran. Das Schiff hat sch\u00f6ne Seeeigenschaften und gro\u00dfe, sch\u00f6ne Bereiche an Deck. Insgesamt verf\u00fcgt das Schiff \u00fcber 100 Sitzpl\u00e4tze, davon 30 im Innenbereich. Und w\u00e4hrend Sie den Wind in Ihren Haaren, die Sonne auf Ihrem Gesicht und die Salzgischt [&hellip;]","og_url":"https:\/\/tonfisksafari.se\/de\/om-m-s-vike\/","og_site_name":"TONFISKSAFARI","article_modified_time":"2024-04-12T13:15:12+00:00","twitter_card":"summary_large_image","twitter_misc":{"Gesch\u00e4tzte Lesezeit":"2\u00a0Minuten"},"schema":{"@context":"https:\/\/schema.org","@graph":[{"@type":"WebPage","@id":"https:\/\/tonfisksafari.se\/de\/om-m-s-vike\/","url":"https:\/\/tonfisksafari.se\/de\/om-m-s-vike\/","name":"\u00dcber M\/S Vike - TONFISKSAFARI","isPartOf":{"@id":"https:\/\/tonfisksafari.se\/#website"},"datePublished":"2023-09-18T20:35:47+00:00","dateModified":"2024-04-12T13:15:12+00:00","breadcrumb":{"@id":"https:\/\/tonfisksafari.se\/de\/om-m-s-vike\/#breadcrumb"},"inLanguage":"de","potentialAction":[{"@type":"ReadAction","target":["https:\/\/tonfisksafari.se\/de\/om-m-s-vike\/"]}]},{"@type":"BreadcrumbList","@id":"https:\/\/tonfisksafari.se\/de\/om-m-s-vike\/#breadcrumb","itemListElement":[{"@type":"ListItem","position":1,"name":"Home","item":"https:\/\/tonfisksafari.se\/"},{"@type":"ListItem","position":2,"name":"\u00dcber M\/S Vike"}]},{"@type":"WebSite","@id":"https:\/\/tonfisksafari.se\/#website","url":"https:\/\/tonfisksafari.se\/","name":"TONFISKSAFARI","description":"","potentialAction":[{"@type":"SearchAction","target":{"@type":"EntryPoint","urlTemplate":"https:\/\/tonfisksafari.se\/?s={search_term_string}"},"query-input":{"@type":"PropertyValueSpecification","valueRequired":true,"valueName":"search_term_string"}}],"inLanguage":"de"}]}},"_links":{"self":[{"href":"https:\/\/tonfisksafari.se\/de\/wp-json\/wp\/v2\/pages\/730","targetHints":{"allow":["GET"]}}],"collection":[{"href":"https:\/\/tonfisksafari.se\/de\/wp-json\/wp\/v2\/pages"}],"about":[{"href":"https:\/\/tonfisksafari.se\/de\/wp-json\/wp\/v2\/types\/page"}],"author":[{"embeddable":true,"href":"https:\/\/tonfisksafari.se\/de\/wp-json\/wp\/v2\/users\/1"}],"replies":[{"embeddable":true,"href":"https:\/\/tonfisksafari.se\/de\/wp-json\/wp\/v2\/comments?post=730"}],"version-history":[{"count":6,"href":"https:\/\/tonfisksafari.se\/de\/wp-json\/wp\/v2\/pages\/730\/revisions"}],"predecessor-version":[{"id":784,"href":"https:\/\/tonfisksafari.se\/de\/wp-json\/wp\/v2\/pages\/730\/revisions\/784"}],"wp:attachment":[{"href":"https:\/\/tonfisksafari.se\/de\/wp-json\/wp\/v2\/media?parent=730"}],"curies":[{"name":"wp","href":"https:\/\/api.w.org\/{rel}","templated":true}]}}