{"id":736,"date":"2023-09-18T22:37:12","date_gmt":"2023-09-18T20:37:12","guid":{"rendered":"https:\/\/tonfisksafari.se\/den-blafenade-tonfisken\/"},"modified":"2024-04-12T15:16:16","modified_gmt":"2024-04-12T13:16:16","slug":"den-blafenade-tonfisken","status":"publish","type":"page","link":"https:\/\/tonfisksafari.se\/de\/den-blafenade-tonfisken\/","title":{"rendered":"Der Rote Thunfisch"},"content":{"rendered":"\t\t<div data-elementor-type=\"wp-page\" data-elementor-id=\"736\" class=\"elementor elementor-736 elementor-167\" data-elementor-post-type=\"page\">\n\t\t\t\t\t\t<section class=\"elementor-section elementor-top-section elementor-element elementor-element-d889c68 elementor-section-full_width elementor-section-height-min-height elementor-section-items-stretch elementor-section-height-default\" data-id=\"d889c68\" data-element_type=\"section\" data-e-type=\"section\" data-settings=\"{&quot;background_background&quot;:&quot;classic&quot;}\">\n\t\t\t\t\t\t\t<div class=\"elementor-background-overlay\"><\/div>\n\t\t\t\t\t\t\t<div class=\"elementor-container elementor-column-gap-no\">\n\t\t\t\t\t<div class=\"elementor-column elementor-col-100 elementor-top-column elementor-element elementor-element-5b6e81a\" data-id=\"5b6e81a\" data-element_type=\"column\" data-e-type=\"column\">\n\t\t\t<div class=\"elementor-widget-wrap elementor-element-populated\">\n\t\t\t\t\t\t<div class=\"elementor-element elementor-element-5b8423b elementor-widget elementor-widget-heading\" data-id=\"5b8423b\" data-element_type=\"widget\" data-e-type=\"widget\" data-widget_type=\"heading.default\">\n\t\t\t\t<div class=\"elementor-widget-container\">\n\t\t\t\t\t<h2 class=\"elementor-heading-title elementor-size-default\">Der Rote Thunfisch<\/h2>\t\t\t\t<\/div>\n\t\t\t\t<\/div>\n\t\t\t\t<div class=\"elementor-element elementor-element-d0d3668 elementor-mobile-align-center elementor-widget elementor-widget-button\" data-id=\"d0d3668\" data-element_type=\"widget\" data-e-type=\"widget\" data-widget_type=\"button.default\">\n\t\t\t\t<div class=\"elementor-widget-container\">\n\t\t\t\t\t\t\t\t\t<div class=\"elementor-button-wrapper\">\n\t\t\t\t\t<a class=\"elementor-button elementor-button-link elementor-size-sm\" href=\"https:\/\/www.nortic.se\/ticket\/event\/49668\" target=\"_blank\" rel=\"nofollow\">\n\t\t\t\t\t\t<span class=\"elementor-button-content-wrapper\">\n\t\t\t\t\t\t\t\t\t<span class=\"elementor-button-text\">Buchen Sie eine Thunfisch-Safari<\/span>\n\t\t\t\t\t<\/span>\n\t\t\t\t\t<\/a>\n\t\t\t\t<\/div>\n\t\t\t\t\t\t\t\t<\/div>\n\t\t\t\t<\/div>\n\t\t\t\t\t<\/div>\n\t\t<\/div>\n\t\t\t\t\t<\/div>\n\t\t<\/section>\n\t\t\t\t<section class=\"elementor-section elementor-top-section elementor-element elementor-element-de1a226 elementor-section-boxed elementor-section-height-default elementor-section-height-default\" data-id=\"de1a226\" data-element_type=\"section\" data-e-type=\"section\">\n\t\t\t\t\t\t<div class=\"elementor-container elementor-column-gap-default\">\n\t\t\t\t\t<div class=\"elementor-column elementor-col-50 elementor-top-column elementor-element elementor-element-fabef7f\" data-id=\"fabef7f\" data-element_type=\"column\" data-e-type=\"column\">\n\t\t\t<div class=\"elementor-widget-wrap elementor-element-populated\">\n\t\t\t\t\t\t<div class=\"elementor-element elementor-element-2a33bf7 elementor-widget elementor-widget-heading\" data-id=\"2a33bf7\" data-element_type=\"widget\" data-e-type=\"widget\" data-widget_type=\"heading.default\">\n\t\t\t\t<div class=\"elementor-widget-container\">\n\t\t\t\t\t<h2 class=\"elementor-heading-title elementor-size-default\">Der Rote Thunfisch<\/h2>\t\t\t\t<\/div>\n\t\t\t\t<\/div>\n\t\t\t\t<div class=\"elementor-element elementor-element-3c9ec3f elementor-widget elementor-widget-text-editor\" data-id=\"3c9ec3f\" data-element_type=\"widget\" data-e-type=\"widget\" data-widget_type=\"text-editor.default\">\n\t\t\t\t<div class=\"elementor-widget-container\">\n\t\t\t\t\t\t\t\t\t<p>Auch als Thunnus thynnus bekannt, geh\u00f6rt er zur gr\u00f6\u00dften Thunfischgruppe und wurde gelegentlich in schwedischen Gew\u00e4ssern beobachtet. Diese Art ist streng gesch\u00fctzt.<\/p><p>Der Thunfisch gedeiht im offenen Meer, oft in Tiefen bis zu 500 Metern, sowohl im Nordatlantik als auch im Nordpazifik. Im Sommer kann man ihn nur selten an der schwedischen Westk\u00fcste beobachten und wurde auch weiter s\u00fcdlich, bis hin zum \u00d6resund und der s\u00fcdlichen Ostsee, gemeldet.<\/p><p>Historisch gesehen war der Thunfisch in den 1930er und 1950er Jahren ein h\u00e4ufiger Anblick an der schwedischen Westk\u00fcste. Doch seit den 1970er Jahren ist er ein seltener Gast in unseren Gew\u00e4ssern geworden. In den letzten Jahren ist der Thunfisch jedoch wieder in die schwedischen K\u00fcstengebiete zur\u00fcckgekehrt, wahrscheinlich als Ergebnis erfolgreicher Bewirtschaftungs- und Erholungsbem\u00fchungen, insbesondere im Mittelmeer.<\/p><p>Es scheint, dass der verringerte Fischereidruck im Mittelmeer zusammen mit den Migrationsmustern seiner Beutefische, insbesondere Hering und Makrele, zur R\u00fcckkehr des Thunfischs an unseren K\u00fcsten beigetragen hat. Es ist erw\u00e4hnenswert, dass die Art aufgrund der Unsicherheit hinsichtlich der Gr\u00f6\u00dfe und Verteilung ihrer Population immer noch auf der Roten Liste der IUCN steht.<\/p>\t\t\t\t\t\t\t\t<\/div>\n\t\t\t\t<\/div>\n\t\t\t\t\t<\/div>\n\t\t<\/div>\n\t\t\t\t<div class=\"elementor-column elementor-col-50 elementor-top-column elementor-element elementor-element-5197673\" data-id=\"5197673\" data-element_type=\"column\" data-e-type=\"column\">\n\t\t\t<div class=\"elementor-widget-wrap\">\n\t\t\t\t\t\t\t<\/div>\n\t\t<\/div>\n\t\t\t\t\t<\/div>\n\t\t<\/section>\n\t\t\t\t<\/div>\n\t\t","protected":false},"excerpt":{"rendered":"<p>Der Rote Thunfisch Buchen Sie eine Thunfisch-Safari Der Rote Thunfisch Auch als Thunnus thynnus bekannt, geh\u00f6rt er zur gr\u00f6\u00dften Thunfischgruppe und wurde gelegentlich in schwedischen Gew\u00e4ssern beobachtet. Diese Art ist streng gesch\u00fctzt. Der Thunfisch gedeiht im offenen Meer, oft in Tiefen bis zu 500 Metern, sowohl im Nordatlantik als auch im Nordpazifik. Im Sommer kann [&hellip;]<\/p>\n","protected":false},"author":1,"featured_media":0,"parent":0,"menu_order":0,"comment_status":"closed","ping_status":"closed","template":"","meta":{"_acf_changed":false,"site-sidebar-layout":"no-sidebar","site-content-layout":"","ast-site-content-layout":"full-width-container","site-content-style":"default","site-sidebar-style":"default","ast-global-header-display":"","ast-banner-title-visibility":"","ast-main-header-display":"","ast-hfb-above-header-display":"","ast-hfb-below-header-display":"","ast-hfb-mobile-header-display":"","site-post-title":"disabled","ast-breadcrumbs-content":"","ast-featured-img":"disabled","footer-sml-layout":"","ast-disable-related-posts":"","theme-transparent-header-meta":"default","adv-header-id-meta":"","stick-header-meta":"","header-above-stick-meta":"","header-main-stick-meta":"","header-below-stick-meta":"","astra-migrate-meta-layouts":"set","ast-page-background-enabled":"default","ast-page-background-meta":{"desktop":{"background-color":"var(--ast-global-color-4)","background-image":"","background-repeat":"repeat","background-position":"center center","background-size":"auto","background-attachment":"scroll","background-type":"","background-media":"","overlay-type":"","overlay-color":"","overlay-opacity":"","overlay-gradient":""},"tablet":{"background-color":"","background-image":"","background-repeat":"repeat","background-position":"center center","background-size":"auto","background-attachment":"scroll","background-type":"","background-media":"","overlay-type":"","overlay-color":"","overlay-opacity":"","overlay-gradient":""},"mobile":{"background-color":"","background-image":"","background-repeat":"repeat","background-position":"center center","background-size":"auto","background-attachment":"scroll","background-type":"","background-media":"","overlay-type":"","overlay-color":"","overlay-opacity":"","overlay-gradient":""}},"ast-content-background-meta":{"desktop":{"background-color":"var(--ast-global-color-5)","background-image":"","background-repeat":"repeat","background-position":"center center","background-size":"auto","background-attachment":"scroll","background-type":"","background-media":"","overlay-type":"","overlay-color":"","overlay-opacity":"","overlay-gradient":""},"tablet":{"background-color":"var(--ast-global-color-5)","background-image":"","background-repeat":"repeat","background-position":"center center","background-size":"auto","background-attachment":"scroll","background-type":"","background-media":"","overlay-type":"","overlay-color":"","overlay-opacity":"","overlay-gradient":""},"mobile":{"background-color":"var(--ast-global-color-5)","background-image":"","background-repeat":"repeat","background-position":"center center","background-size":"auto","background-attachment":"scroll","background-type":"","background-media":"","overlay-type":"","overlay-color":"","overlay-opacity":"","overlay-gradient":""}},"footnotes":""},"class_list":["post-736","page","type-page","status-publish","hentry"],"acf":[],"yoast_head":"<!-- This site is optimized with the Yoast SEO plugin v27.4 - https:\/\/yoast.com\/product\/yoast-seo-wordpress\/ -->\n<title>Der Rote Thunfisch - TONFISKSAFARI<\/title>\n<meta name=\"robots\" content=\"index, follow, max-snippet:-1, max-image-preview:large, max-video-preview:-1\" \/>\n<link rel=\"canonical\" href=\"https:\/\/tonfisksafari.se\/de\/den-blafenade-tonfisken\/\" \/>\n<meta property=\"og:locale\" content=\"de_DE\" \/>\n<meta property=\"og:type\" content=\"article\" \/>\n<meta property=\"og:title\" content=\"Der Rote Thunfisch - TONFISKSAFARI\" \/>\n<meta property=\"og:description\" content=\"Der Rote Thunfisch Buchen Sie eine Thunfisch-Safari Der Rote Thunfisch Auch als Thunnus thynnus bekannt, geh\u00f6rt er zur gr\u00f6\u00dften Thunfischgruppe und wurde gelegentlich in schwedischen Gew\u00e4ssern beobachtet. Diese Art ist streng gesch\u00fctzt. Der Thunfisch gedeiht im offenen Meer, oft in Tiefen bis zu 500 Metern, sowohl im Nordatlantik als auch im Nordpazifik. Im Sommer kann [&hellip;]\" \/>\n<meta property=\"og:url\" content=\"https:\/\/tonfisksafari.se\/de\/den-blafenade-tonfisken\/\" \/>\n<meta property=\"og:site_name\" content=\"TONFISKSAFARI\" \/>\n<meta property=\"article:modified_time\" content=\"2024-04-12T13:16:16+00:00\" \/>\n<meta name=\"twitter:card\" content=\"summary_large_image\" \/>\n<meta name=\"twitter:label1\" content=\"Gesch\u00e4tzte Lesezeit\" \/>\n\t<meta name=\"twitter:data1\" content=\"1\u00a0Minute\" \/>\n<script type=\"application\/ld+json\" class=\"yoast-schema-graph\">{\"@context\":\"https:\\\/\\\/schema.org\",\"@graph\":[{\"@type\":\"WebPage\",\"@id\":\"https:\\\/\\\/tonfisksafari.se\\\/de\\\/den-blafenade-tonfisken\\\/\",\"url\":\"https:\\\/\\\/tonfisksafari.se\\\/de\\\/den-blafenade-tonfisken\\\/\",\"name\":\"Der Rote Thunfisch - TONFISKSAFARI\",\"isPartOf\":{\"@id\":\"https:\\\/\\\/tonfisksafari.se\\\/#website\"},\"datePublished\":\"2023-09-18T20:37:12+00:00\",\"dateModified\":\"2024-04-12T13:16:16+00:00\",\"breadcrumb\":{\"@id\":\"https:\\\/\\\/tonfisksafari.se\\\/de\\\/den-blafenade-tonfisken\\\/#breadcrumb\"},\"inLanguage\":\"de\",\"potentialAction\":[{\"@type\":\"ReadAction\",\"target\":[\"https:\\\/\\\/tonfisksafari.se\\\/de\\\/den-blafenade-tonfisken\\\/\"]}]},{\"@type\":\"BreadcrumbList\",\"@id\":\"https:\\\/\\\/tonfisksafari.se\\\/de\\\/den-blafenade-tonfisken\\\/#breadcrumb\",\"itemListElement\":[{\"@type\":\"ListItem\",\"position\":1,\"name\":\"Home\",\"item\":\"https:\\\/\\\/tonfisksafari.se\\\/\"},{\"@type\":\"ListItem\",\"position\":2,\"name\":\"Der Rote Thunfisch\"}]},{\"@type\":\"WebSite\",\"@id\":\"https:\\\/\\\/tonfisksafari.se\\\/#website\",\"url\":\"https:\\\/\\\/tonfisksafari.se\\\/\",\"name\":\"TONFISKSAFARI\",\"description\":\"\",\"potentialAction\":[{\"@type\":\"SearchAction\",\"target\":{\"@type\":\"EntryPoint\",\"urlTemplate\":\"https:\\\/\\\/tonfisksafari.se\\\/?s={search_term_string}\"},\"query-input\":{\"@type\":\"PropertyValueSpecification\",\"valueRequired\":true,\"valueName\":\"search_term_string\"}}],\"inLanguage\":\"de\"}]}<\/script>\n<!-- \/ Yoast SEO plugin. -->","yoast_head_json":{"title":"Der Rote Thunfisch - TONFISKSAFARI","robots":{"index":"index","follow":"follow","max-snippet":"max-snippet:-1","max-image-preview":"max-image-preview:large","max-video-preview":"max-video-preview:-1"},"canonical":"https:\/\/tonfisksafari.se\/de\/den-blafenade-tonfisken\/","og_locale":"de_DE","og_type":"article","og_title":"Der Rote Thunfisch - TONFISKSAFARI","og_description":"Der Rote Thunfisch Buchen Sie eine Thunfisch-Safari Der Rote Thunfisch Auch als Thunnus thynnus bekannt, geh\u00f6rt er zur gr\u00f6\u00dften Thunfischgruppe und wurde gelegentlich in schwedischen Gew\u00e4ssern beobachtet. Diese Art ist streng gesch\u00fctzt. Der Thunfisch gedeiht im offenen Meer, oft in Tiefen bis zu 500 Metern, sowohl im Nordatlantik als auch im Nordpazifik. Im Sommer kann [&hellip;]","og_url":"https:\/\/tonfisksafari.se\/de\/den-blafenade-tonfisken\/","og_site_name":"TONFISKSAFARI","article_modified_time":"2024-04-12T13:16:16+00:00","twitter_card":"summary_large_image","twitter_misc":{"Gesch\u00e4tzte Lesezeit":"1\u00a0Minute"},"schema":{"@context":"https:\/\/schema.org","@graph":[{"@type":"WebPage","@id":"https:\/\/tonfisksafari.se\/de\/den-blafenade-tonfisken\/","url":"https:\/\/tonfisksafari.se\/de\/den-blafenade-tonfisken\/","name":"Der Rote Thunfisch - TONFISKSAFARI","isPartOf":{"@id":"https:\/\/tonfisksafari.se\/#website"},"datePublished":"2023-09-18T20:37:12+00:00","dateModified":"2024-04-12T13:16:16+00:00","breadcrumb":{"@id":"https:\/\/tonfisksafari.se\/de\/den-blafenade-tonfisken\/#breadcrumb"},"inLanguage":"de","potentialAction":[{"@type":"ReadAction","target":["https:\/\/tonfisksafari.se\/de\/den-blafenade-tonfisken\/"]}]},{"@type":"BreadcrumbList","@id":"https:\/\/tonfisksafari.se\/de\/den-blafenade-tonfisken\/#breadcrumb","itemListElement":[{"@type":"ListItem","position":1,"name":"Home","item":"https:\/\/tonfisksafari.se\/"},{"@type":"ListItem","position":2,"name":"Der Rote Thunfisch"}]},{"@type":"WebSite","@id":"https:\/\/tonfisksafari.se\/#website","url":"https:\/\/tonfisksafari.se\/","name":"TONFISKSAFARI","description":"","potentialAction":[{"@type":"SearchAction","target":{"@type":"EntryPoint","urlTemplate":"https:\/\/tonfisksafari.se\/?s={search_term_string}"},"query-input":{"@type":"PropertyValueSpecification","valueRequired":true,"valueName":"search_term_string"}}],"inLanguage":"de"}]}},"_links":{"self":[{"href":"https:\/\/tonfisksafari.se\/de\/wp-json\/wp\/v2\/pages\/736","targetHints":{"allow":["GET"]}}],"collection":[{"href":"https:\/\/tonfisksafari.se\/de\/wp-json\/wp\/v2\/pages"}],"about":[{"href":"https:\/\/tonfisksafari.se\/de\/wp-json\/wp\/v2\/types\/page"}],"author":[{"embeddable":true,"href":"https:\/\/tonfisksafari.se\/de\/wp-json\/wp\/v2\/users\/1"}],"replies":[{"embeddable":true,"href":"https:\/\/tonfisksafari.se\/de\/wp-json\/wp\/v2\/comments?post=736"}],"version-history":[{"count":3,"href":"https:\/\/tonfisksafari.se\/de\/wp-json\/wp\/v2\/pages\/736\/revisions"}],"predecessor-version":[{"id":787,"href":"https:\/\/tonfisksafari.se\/de\/wp-json\/wp\/v2\/pages\/736\/revisions\/787"}],"wp:attachment":[{"href":"https:\/\/tonfisksafari.se\/de\/wp-json\/wp\/v2\/media?parent=736"}],"curies":[{"name":"wp","href":"https:\/\/api.w.org\/{rel}","templated":true}]}}