{"id":844,"date":"2024-09-06T11:01:23","date_gmt":"2024-09-06T09:01:23","guid":{"rendered":"https:\/\/tonfisksafari.se\/faq\/"},"modified":"2024-09-06T11:09:19","modified_gmt":"2024-09-06T09:09:19","slug":"faq","status":"publish","type":"page","link":"https:\/\/tonfisksafari.se\/de\/faq\/","title":{"rendered":"FAQ"},"content":{"rendered":"\t\t<div data-elementor-type=\"wp-page\" data-elementor-id=\"844\" class=\"elementor elementor-844 elementor-831\" data-elementor-post-type=\"page\">\n\t\t\t\t\t\t<section class=\"elementor-section elementor-top-section elementor-element elementor-element-76f67cb elementor-section-full_width elementor-section-height-min-height elementor-section-items-stretch elementor-section-height-default\" data-id=\"76f67cb\" data-element_type=\"section\" data-e-type=\"section\" data-settings=\"{&quot;background_background&quot;:&quot;video&quot;,&quot;background_video_link&quot;:&quot;https:\\\/\\\/tonfisksafari.se\\\/wp-content\\\/uploads\\\/2023\\\/09\\\/FullSizeRender.mov.mp4&quot;,&quot;background_play_on_mobile&quot;:&quot;yes&quot;}\">\n\t\t\t\t\t\t\t\t<div class=\"elementor-background-video-container\">\n\t\t\t\t\t\t\t\t\t\t\t\t\t<video class=\"elementor-background-video-hosted\" role=\"presentation\" autoplay muted playsinline loop><\/video>\n\t\t\t\t\t\t\t\t\t\t\t<\/div>\n\t\t\t\t\t\t\t\t<div class=\"elementor-container elementor-column-gap-no\">\n\t\t\t\t\t<div class=\"elementor-column elementor-col-50 elementor-top-column elementor-element elementor-element-11a4054\" data-id=\"11a4054\" data-element_type=\"column\" data-e-type=\"column\">\n\t\t\t<div class=\"elementor-widget-wrap elementor-element-populated\">\n\t\t\t\t\t\t<div class=\"elementor-element elementor-element-3dda06b elementor-widget-mobile__width-inherit elementor-widget elementor-widget-heading\" data-id=\"3dda06b\" data-element_type=\"widget\" data-e-type=\"widget\" data-widget_type=\"heading.default\">\n\t\t\t\t<div class=\"elementor-widget-container\">\n\t\t\t\t\t<h1 class=\"elementor-heading-title elementor-size-default\">Fragen und Antworten<\/h1>\t\t\t\t<\/div>\n\t\t\t\t<\/div>\n\t\t\t\t\t<\/div>\n\t\t<\/div>\n\t\t\t\t<div class=\"elementor-column elementor-col-50 elementor-top-column elementor-element elementor-element-6a78f02\" data-id=\"6a78f02\" data-element_type=\"column\" data-e-type=\"column\">\n\t\t\t<div class=\"elementor-widget-wrap\">\n\t\t\t\t\t\t\t<\/div>\n\t\t<\/div>\n\t\t\t\t\t<\/div>\n\t\t<\/section>\n\t\t\t\t<section class=\"elementor-section elementor-top-section elementor-element elementor-element-116ad6e elementor-section-boxed elementor-section-height-default elementor-section-height-default\" data-id=\"116ad6e\" data-element_type=\"section\" data-e-type=\"section\">\n\t\t\t\t\t\t<div class=\"elementor-container elementor-column-gap-default\">\n\t\t\t\t\t<div class=\"elementor-column elementor-col-100 elementor-top-column elementor-element elementor-element-c022156\" data-id=\"c022156\" data-element_type=\"column\" data-e-type=\"column\">\n\t\t\t<div class=\"elementor-widget-wrap\">\n\t\t\t\t\t\t\t<\/div>\n\t\t<\/div>\n\t\t\t\t\t<\/div>\n\t\t<\/section>\n\t\t\t\t<section class=\"elementor-section elementor-top-section elementor-element elementor-element-1942990 elementor-section-boxed elementor-section-height-default elementor-section-height-default\" data-id=\"1942990\" data-element_type=\"section\" data-e-type=\"section\">\n\t\t\t\t\t\t<div class=\"elementor-container elementor-column-gap-default\">\n\t\t\t\t\t<div class=\"elementor-column elementor-col-100 elementor-top-column elementor-element elementor-element-968547f\" data-id=\"968547f\" data-element_type=\"column\" data-e-type=\"column\">\n\t\t\t<div class=\"elementor-widget-wrap elementor-element-populated\">\n\t\t\t\t\t\t<div class=\"elementor-element elementor-element-66c6718 elementor-widget elementor-widget-text-editor\" data-id=\"66c6718\" data-element_type=\"widget\" data-e-type=\"widget\" data-widget_type=\"text-editor.default\">\n\t\t\t\t<div class=\"elementor-widget-container\">\n\t\t\t\t\t\t\t\t\t<p><b>Was ist mein Ticket?<br \/><\/b>Wenn Sie buchen, erhalten Sie von Nortic eine E-Mail mit einem QR-Code. Dadurch wird die Besatzung beim Einsteigen gescannt.<\/p><p><b>Kostet es auch f\u00fcr j\u00fcngere Kinder?<br \/><\/b>Ja, alle Passagiere ben\u00f6tigen ein Ticket. Damit wir nicht Gefahr laufen, \u00fcberbucht zu werden.<\/p><p><b>Wo f\u00e4hrt das Schiff ab?<br \/><\/b>Kungstorget 2, mitten in der Stadt bei Helsingborg C.<\/p><p><b>K\u00f6nnen Sie einen Hund mitbringen?<br \/><\/b>Es ist in Ordnung, einen Hund mitzubringen, sofern er nicht durch Menschenmassen, Jubelrufe und zwei Stunden drau\u00dfen auf der Meerenge gestresst wird. Wir m\u00f6chten, dass Sie sorgf\u00e4ltig \u00fcberlegen, bevor Sie Ihren Hund mitbringen, dies dient dem Wohl des Tieres.<\/p><p><b>Ist das Schiff behindertengerecht?<br \/><\/b>M\/S Vike ist teilweise behindertengerecht ausgestattet und es ist kein Problem, einen Rollstuhl mit nach drau\u00dfen zu nehmen.<\/p><p><b>Gibt es Kaffee auf dem Schiff?<br \/><\/b>Ja, an Bord der M\/S Vike gibt es einen Kiosk, der Kaffee, S\u00fc\u00dfigkeiten und Eis verkauft. Otto-Kegel!<\/p><p><b>Gibt es eine Toilette auf dem Schiff?<br \/><\/b>Ja, aber leider ist es nicht f\u00fcr Behinderte geeignet.<\/p><p><b>K\u00f6nnen Sie einen Sitzplatz reservieren?<br \/><\/b>Leider haben wir keine M\u00f6glichkeit, einen Sitzplatz zu reservieren. Wir glauben jedoch an die Menschlichkeit und m\u00f6chten, dass unsere Passagiere f\u00fcr jemanden aufstehen, der den Sitzplatz scheinbar mehr braucht als sie selbst.\u00a0\u00a0<\/p><p><b>M\u00fcssen Sie ein Ticket buchen?<br \/><\/b>Um sicher an der Tour teilnehmen zu k\u00f6nnen, m\u00fcssen Sie Ihr Ticket vorab \u00fcber die Website von Nortic kaufen. Wenn wir noch Pl\u00e4tze frei haben, ist es kein Problem, das Risiko einzugehen und dann vor Ort zu bezahlen.\u00a0<\/p><p><b>Wie lang ist die Saison?<br \/><\/b>Wir wissen nie genau, wann der Thunfisch kommen m\u00f6chte oder wie lange er bleiben m\u00f6chte. Wir hoffen jedoch, dass die Saison von Mitte August bis Anfang Oktober reicht.<\/p>\t\t\t\t\t\t\t\t<\/div>\n\t\t\t\t<\/div>\n\t\t\t\t\t<\/div>\n\t\t<\/div>\n\t\t\t\t\t<\/div>\n\t\t<\/section>\n\t\t\t\t<\/div>\n\t\t","protected":false},"excerpt":{"rendered":"<p>Fragen und Antworten Was ist mein Ticket?Wenn Sie buchen, erhalten Sie von Nortic eine E-Mail mit einem QR-Code. Dadurch wird die Besatzung beim Einsteigen gescannt. Kostet es auch f\u00fcr j\u00fcngere Kinder?Ja, alle Passagiere ben\u00f6tigen ein Ticket. Damit wir nicht Gefahr laufen, \u00fcberbucht zu werden. Wo f\u00e4hrt das Schiff ab?Kungstorget 2, mitten in der Stadt bei [&hellip;]<\/p>\n","protected":false},"author":1,"featured_media":0,"parent":0,"menu_order":0,"comment_status":"closed","ping_status":"closed","template":"","meta":{"_acf_changed":false,"site-sidebar-layout":"no-sidebar","site-content-layout":"","ast-site-content-layout":"full-width-container","site-content-style":"default","site-sidebar-style":"default","ast-global-header-display":"","ast-banner-title-visibility":"","ast-main-header-display":"","ast-hfb-above-header-display":"","ast-hfb-below-header-display":"","ast-hfb-mobile-header-display":"","site-post-title":"disabled","ast-breadcrumbs-content":"","ast-featured-img":"disabled","footer-sml-layout":"","ast-disable-related-posts":"","theme-transparent-header-meta":"default","adv-header-id-meta":"","stick-header-meta":"","header-above-stick-meta":"","header-main-stick-meta":"","header-below-stick-meta":"","astra-migrate-meta-layouts":"set","ast-page-background-enabled":"default","ast-page-background-meta":{"desktop":{"background-color":"var(--ast-global-color-4)","background-image":"","background-repeat":"repeat","background-position":"center center","background-size":"auto","background-attachment":"scroll","background-type":"","background-media":"","overlay-type":"","overlay-color":"","overlay-opacity":"","overlay-gradient":""},"tablet":{"background-color":"","background-image":"","background-repeat":"repeat","background-position":"center center","background-size":"auto","background-attachment":"scroll","background-type":"","background-media":"","overlay-type":"","overlay-color":"","overlay-opacity":"","overlay-gradient":""},"mobile":{"background-color":"","background-image":"","background-repeat":"repeat","background-position":"center center","background-size":"auto","background-attachment":"scroll","background-type":"","background-media":"","overlay-type":"","overlay-color":"","overlay-opacity":"","overlay-gradient":""}},"ast-content-background-meta":{"desktop":{"background-color":"var(--ast-global-color-5)","background-image":"","background-repeat":"repeat","background-position":"center center","background-size":"auto","background-attachment":"scroll","background-type":"","background-media":"","overlay-type":"","overlay-color":"","overlay-opacity":"","overlay-gradient":""},"tablet":{"background-color":"var(--ast-global-color-5)","background-image":"","background-repeat":"repeat","background-position":"center center","background-size":"auto","background-attachment":"scroll","background-type":"","background-media":"","overlay-type":"","overlay-color":"","overlay-opacity":"","overlay-gradient":""},"mobile":{"background-color":"var(--ast-global-color-5)","background-image":"","background-repeat":"repeat","background-position":"center center","background-size":"auto","background-attachment":"scroll","background-type":"","background-media":"","overlay-type":"","overlay-color":"","overlay-opacity":"","overlay-gradient":""}},"footnotes":""},"class_list":["post-844","page","type-page","status-publish","hentry"],"acf":[],"yoast_head":"<!-- This site is optimized with the Yoast SEO plugin v27.6 - https:\/\/yoast.com\/product\/yoast-seo-wordpress\/ -->\n<title>FAQ - TONFISKSAFARI<\/title>\n<meta name=\"robots\" content=\"index, follow, max-snippet:-1, max-image-preview:large, max-video-preview:-1\" \/>\n<link rel=\"canonical\" href=\"https:\/\/tonfisksafari.se\/de\/faq\/\" \/>\n<meta property=\"og:locale\" content=\"de_DE\" \/>\n<meta property=\"og:type\" content=\"article\" \/>\n<meta property=\"og:title\" content=\"FAQ - TONFISKSAFARI\" \/>\n<meta property=\"og:description\" content=\"Fragen und Antworten Was ist mein Ticket?Wenn Sie buchen, erhalten Sie von Nortic eine E-Mail mit einem QR-Code. Dadurch wird die Besatzung beim Einsteigen gescannt. Kostet es auch f\u00fcr j\u00fcngere Kinder?Ja, alle Passagiere ben\u00f6tigen ein Ticket. Damit wir nicht Gefahr laufen, \u00fcberbucht zu werden. Wo f\u00e4hrt das Schiff ab?Kungstorget 2, mitten in der Stadt bei [&hellip;]\" \/>\n<meta property=\"og:url\" content=\"https:\/\/tonfisksafari.se\/de\/faq\/\" \/>\n<meta property=\"og:site_name\" content=\"TONFISKSAFARI\" \/>\n<meta property=\"article:modified_time\" content=\"2024-09-06T09:09:19+00:00\" \/>\n<meta name=\"twitter:card\" content=\"summary_large_image\" \/>\n<meta name=\"twitter:label1\" content=\"Gesch\u00e4tzte Lesezeit\" \/>\n\t<meta name=\"twitter:data1\" content=\"2\u00a0Minuten\" \/>\n<script type=\"application\/ld+json\" class=\"yoast-schema-graph\">{\"@context\":\"https:\\\/\\\/schema.org\",\"@graph\":[{\"@type\":\"WebPage\",\"@id\":\"https:\\\/\\\/tonfisksafari.se\\\/de\\\/faq\\\/\",\"url\":\"https:\\\/\\\/tonfisksafari.se\\\/de\\\/faq\\\/\",\"name\":\"FAQ - TONFISKSAFARI\",\"isPartOf\":{\"@id\":\"https:\\\/\\\/tonfisksafari.se\\\/#website\"},\"datePublished\":\"2024-09-06T09:01:23+00:00\",\"dateModified\":\"2024-09-06T09:09:19+00:00\",\"breadcrumb\":{\"@id\":\"https:\\\/\\\/tonfisksafari.se\\\/de\\\/faq\\\/#breadcrumb\"},\"inLanguage\":\"de\",\"potentialAction\":[{\"@type\":\"ReadAction\",\"target\":[\"https:\\\/\\\/tonfisksafari.se\\\/de\\\/faq\\\/\"]}]},{\"@type\":\"BreadcrumbList\",\"@id\":\"https:\\\/\\\/tonfisksafari.se\\\/de\\\/faq\\\/#breadcrumb\",\"itemListElement\":[{\"@type\":\"ListItem\",\"position\":1,\"name\":\"Home\",\"item\":\"https:\\\/\\\/tonfisksafari.se\\\/\"},{\"@type\":\"ListItem\",\"position\":2,\"name\":\"FAQ\"}]},{\"@type\":\"WebSite\",\"@id\":\"https:\\\/\\\/tonfisksafari.se\\\/#website\",\"url\":\"https:\\\/\\\/tonfisksafari.se\\\/\",\"name\":\"TONFISKSAFARI\",\"description\":\"\",\"potentialAction\":[{\"@type\":\"SearchAction\",\"target\":{\"@type\":\"EntryPoint\",\"urlTemplate\":\"https:\\\/\\\/tonfisksafari.se\\\/?s={search_term_string}\"},\"query-input\":{\"@type\":\"PropertyValueSpecification\",\"valueRequired\":true,\"valueName\":\"search_term_string\"}}],\"inLanguage\":\"de\"}]}<\/script>\n<!-- \/ Yoast SEO plugin. -->","yoast_head_json":{"title":"FAQ - TONFISKSAFARI","robots":{"index":"index","follow":"follow","max-snippet":"max-snippet:-1","max-image-preview":"max-image-preview:large","max-video-preview":"max-video-preview:-1"},"canonical":"https:\/\/tonfisksafari.se\/de\/faq\/","og_locale":"de_DE","og_type":"article","og_title":"FAQ - TONFISKSAFARI","og_description":"Fragen und Antworten Was ist mein Ticket?Wenn Sie buchen, erhalten Sie von Nortic eine E-Mail mit einem QR-Code. Dadurch wird die Besatzung beim Einsteigen gescannt. Kostet es auch f\u00fcr j\u00fcngere Kinder?Ja, alle Passagiere ben\u00f6tigen ein Ticket. Damit wir nicht Gefahr laufen, \u00fcberbucht zu werden. Wo f\u00e4hrt das Schiff ab?Kungstorget 2, mitten in der Stadt bei [&hellip;]","og_url":"https:\/\/tonfisksafari.se\/de\/faq\/","og_site_name":"TONFISKSAFARI","article_modified_time":"2024-09-06T09:09:19+00:00","twitter_card":"summary_large_image","twitter_misc":{"Gesch\u00e4tzte Lesezeit":"2\u00a0Minuten"},"schema":{"@context":"https:\/\/schema.org","@graph":[{"@type":"WebPage","@id":"https:\/\/tonfisksafari.se\/de\/faq\/","url":"https:\/\/tonfisksafari.se\/de\/faq\/","name":"FAQ - TONFISKSAFARI","isPartOf":{"@id":"https:\/\/tonfisksafari.se\/#website"},"datePublished":"2024-09-06T09:01:23+00:00","dateModified":"2024-09-06T09:09:19+00:00","breadcrumb":{"@id":"https:\/\/tonfisksafari.se\/de\/faq\/#breadcrumb"},"inLanguage":"de","potentialAction":[{"@type":"ReadAction","target":["https:\/\/tonfisksafari.se\/de\/faq\/"]}]},{"@type":"BreadcrumbList","@id":"https:\/\/tonfisksafari.se\/de\/faq\/#breadcrumb","itemListElement":[{"@type":"ListItem","position":1,"name":"Home","item":"https:\/\/tonfisksafari.se\/"},{"@type":"ListItem","position":2,"name":"FAQ"}]},{"@type":"WebSite","@id":"https:\/\/tonfisksafari.se\/#website","url":"https:\/\/tonfisksafari.se\/","name":"TONFISKSAFARI","description":"","potentialAction":[{"@type":"SearchAction","target":{"@type":"EntryPoint","urlTemplate":"https:\/\/tonfisksafari.se\/?s={search_term_string}"},"query-input":{"@type":"PropertyValueSpecification","valueRequired":true,"valueName":"search_term_string"}}],"inLanguage":"de"}]}},"_links":{"self":[{"href":"https:\/\/tonfisksafari.se\/de\/wp-json\/wp\/v2\/pages\/844","targetHints":{"allow":["GET"]}}],"collection":[{"href":"https:\/\/tonfisksafari.se\/de\/wp-json\/wp\/v2\/pages"}],"about":[{"href":"https:\/\/tonfisksafari.se\/de\/wp-json\/wp\/v2\/types\/page"}],"author":[{"embeddable":true,"href":"https:\/\/tonfisksafari.se\/de\/wp-json\/wp\/v2\/users\/1"}],"replies":[{"embeddable":true,"href":"https:\/\/tonfisksafari.se\/de\/wp-json\/wp\/v2\/comments?post=844"}],"version-history":[{"count":6,"href":"https:\/\/tonfisksafari.se\/de\/wp-json\/wp\/v2\/pages\/844\/revisions"}],"predecessor-version":[{"id":862,"href":"https:\/\/tonfisksafari.se\/de\/wp-json\/wp\/v2\/pages\/844\/revisions\/862"}],"wp:attachment":[{"href":"https:\/\/tonfisksafari.se\/de\/wp-json\/wp\/v2\/media?parent=844"}],"curies":[{"name":"wp","href":"https:\/\/api.w.org\/{rel}","templated":true}]}}